{"id":4183,"date":"2021-10-06T16:27:26","date_gmt":"2021-10-06T14:27:26","guid":{"rendered":"https:\/\/neten3.cimsystem.it\/industry\/our-customers\/"},"modified":"2024-05-03T09:31:26","modified_gmt":"2024-05-03T07:31:26","slug":"i-nostri-clienti","status":"publish","type":"page","link":"https:\/\/neten3.cimsystem.it\/industrial\/it\/i-nostri-clienti\/","title":{"rendered":"I nostri clienti"},"content":{"rendered":"<section class=\"wpb-content-wrapper\">[vc_row full_width=&#8221;stretch_row_content&#8221; equal_height=&#8221;yes&#8221; css=&#8221;.vc_custom_1690470444965{padding-top: 0px !important;padding-right: 0px !important;padding-bottom: 0px !important;padding-left: 0px !important;background-position: center !important;background-repeat: no-repeat !important;background-size: cover !important;}&#8221;][vc_column css=&#8221;.vc_custom_1693998489687{margin-top: 0px !important;margin-right: 0px !important;margin-bottom: 0px !important;margin-left: 0px !important;padding-top: 0px !important;padding-right: 0px !important;padding-bottom: 0px !important;padding-left: 0px !important;}&#8221; offset=&#8221;vc_hidden-lg vc_hidden-md&#8221;][vc_single_image image=&#8221;3771&#8243; img_size=&#8221;full&#8221; css=&#8221;.vc_custom_1694069765733{margin-top: 0px !important;margin-bottom: -35px !important;}&#8221;][\/vc_column][\/vc_row][vc_row full_width=&#8221;stretch_row_content&#8221; equal_height=&#8221;yes&#8221; css_animation=&#8221;fadeInDown&#8221; css=&#8221;.vc_custom_1694770333577{padding-top: 0px !important;padding-right: 0px !important;padding-bottom: 0px !important;padding-left: 0px !important;background-position: center !important;background-repeat: no-repeat !important;background-size: cover !important;}&#8221;][vc_column css_animation=&#8221;fadeInLeft&#8221; width=&#8221;1\/3&#8243; css=&#8221;.vc_custom_1694770359067{margin-top: 0px !important;margin-right: 0px !important;margin-bottom: 0px !important;margin-left: 0px !important;padding-top: 0px !important;padding-right: 0px !important;padding-bottom: 0px !important;padding-left: 0px !important;background-color: #26518e !important;}&#8221; el_class=&#8221;product_hero_title&#8221;][vc_empty_space height=&#8221;140px&#8221;][vc_custom_heading text=&#8221;I nostri Clienti&#8221; font_container=&#8221;tag:h1|text_align:left|color:%23ffffff&#8221; google_fonts=&#8221;font_family:Roboto%20Condensed%3A300%2C300italic%2Cregular%2Citalic%2C700%2C700italic|font_style:700%20bold%20regular%3A700%3Anormal&#8221;][vc_empty_space height=&#8221;140px&#8221;][\/vc_column][vc_column css_animation=&#8221;fadeInLeft&#8221; width=&#8221;2\/3&#8243; css=&#8221;.vc_custom_1694770929098{margin-top: 0px !important;margin-right: 0px !important;margin-bottom: 0px !important;margin-left: 0px !important;padding-top: 0px !important;padding-right: 0px !important;padding-bottom: 0px !important;padding-left: 0px !important;background-image: url(https:\/\/neten3.cimsystem.it\/industrial\/wp-content\/uploads\/sites\/3\/2023\/09\/I-nostri-clienti-1.png?id=4606) !important;background-position: center !important;background-repeat: no-repeat !important;background-size: cover !important;}&#8221; offset=&#8221;vc_hidden-sm vc_col-xs-12 vc_hidden-xs&#8221;][vc_empty_space height=&#8221;500px&#8221;][\/vc_column][\/vc_row][vc_row css_animation=&#8221;fadeInDown&#8221; css=&#8221;.vc_custom_1694770375926{background-color: #ffffff !important;background-position: center !important;background-repeat: no-repeat !important;background-size: cover !important;}&#8221;][vc_column][vc_row_inner el_class=&#8221;products_header_row&#8221; css=&#8221;.vc_custom_1632923472781{padding-bottom: 40px !important;}&#8221;][vc_column_inner][vc_empty_space][vc_custom_heading text=&#8221;Software personalizzati CAD\/CAM&#8221; google_fonts=&#8221;font_family:Roboto%20Condensed%3A300%2C300italic%2Cregular%2Citalic%2C700%2C700italic|font_style:700%20bold%20regular%3A700%3Anormal&#8221; el_class=&#8221;text-blue square-heading square-industrial&#8221;][vc_empty_space height=&#8221;16px&#8221;][vc_column_text css=&#8221;.vc_custom_1712678683266{margin-top: 20px !important;}&#8221;]\r\n<p style=\"text-align: left;\">Nel corso degli anni abbiamo affiancato piccole, medie e grandi aziende dell\u2019industria meccanica e dentale, fornendo soluzioni innovative, al passo con l\u2019evoluzione tecnologica del mercato ed ogni giorno continuiamo ad investire per i nostri clienti su prodotti sempre pi\u00f9 efficienti e personalizzati.<\/p>\r\n<p style=\"text-align: left;\">Sia che tu sia un <b>operatore<\/b>, un <b>costruttore di macchine utensili<\/b>, un <strong>distributore<\/strong> o un\u2019azienda del <b>settore manifatturiero <\/b>o degli <b>stampi,<\/b>\u00a0le nostre soluzioni saranno in grado di soddisfare le tue aspettative perch\u00e9 sono costruite insieme a te e per te.<\/p>\r\n[\/vc_column_text][vc_empty_space height=&#8221;16px&#8221;][vc_column_text css_animation=&#8221;fadeInDown&#8221;]\r\n<h5 style=\"text-align: center;\">I nostri clienti<\/h5>\r\n[\/vc_column_text][\/vc_column_inner][\/vc_row_inner][\/vc_column][\/vc_row][vc_row full_width=&#8221;stretch_row&#8221; css_animation=&#8221;fadeInDown&#8221; css=&#8221;.vc_custom_1708359504148{background-position: center !important;background-repeat: no-repeat !important;background-size: cover !important;}&#8221;][vc_column][vc_row_inner][vc_column_inner width=&#8221;1\/4&#8243;][vc_single_image image=&#8221;5598&#8243; img_size=&#8221;medium&#8221; css_animation=&#8221;fadeInRight&#8221;][\/vc_column_inner][vc_column_inner width=&#8221;3\/4&#8243; css=&#8221;.vc_custom_1632926940021{padding-left: 20px !important;}&#8221;][vc_custom_heading text=&#8221;Aziende&#8221; google_fonts=&#8221;font_family:Roboto%20Condensed%3A300%2C300italic%2Cregular%2Citalic%2C700%2C700italic|font_style:700%20bold%20regular%3A700%3Anormal&#8221; css_animation=&#8221;fadeInRight&#8221; el_class=&#8221;text-blue square-heading square-industrial&#8221;][vc_column_text css_animation=&#8221;fadeInRight&#8221;]Con le nostre soluzioni aperte e flessibili, potrai fornire ai tuoi clienti un servizio superiore in termini di: personalizzazione, qualit\u00e0 dei pezzi e rapidit\u00e0 di realizzazione. Scopri i nostri vantaggi in termini di:\r\n<ul>\r\n \t<li><strong>Semplicit\u00e0 d\u2019uso<\/strong>, meno tempo necessario all\u2019apprendimento per l\u2019utilizzo del software<\/li>\r\n \t<li><strong>Risparmio<\/strong>, soluzioni altamente personalizzabili alla portata di tutti<\/li>\r\n \t<li><strong>Affidabilit\u00e0<\/strong>, risultati sicuri indipendentemente dal tipo di lavorazione, materiale o macchina utensile<\/li>\r\n \t<li><strong>Supporto<\/strong>, assistenza qualificata per ridurre al minimo le interruzioni del tuo lavoro<\/li>\r\n<\/ul>\r\n[\/vc_column_text][\/vc_column_inner][\/vc_row_inner][vc_separator][vc_separator][vc_row_inner][vc_column_inner width=&#8221;3\/4&#8243;][vc_custom_heading text=&#8221;OEM&#8221; google_fonts=&#8221;font_family:Roboto%20Condensed%3A300%2C300italic%2Cregular%2Citalic%2C700%2C700italic|font_style:700%20bold%20regular%3A700%3Anormal&#8221; css_animation=&#8221;fadeInLeft&#8221; el_class=&#8221;text-blue square-heading square-industrial&#8221;][vc_column_text css_animation=&#8221;fadeInLeft&#8221;]La nostra filosofia \u00e8 quella di offrire prodotti versatili, aperti e accessibili. Molti operatori desiderano semplicemente cambiare software, mentre molti altri cercano una soluzione chiavi in mano. In ogni caso i nostri software rappresentano per te una garanzia. Scopri i nostri vantaggi in termini di:\r\n<ul>\r\n \t<li><strong>Compatibilit\u00e0<\/strong>, i nostri prodotti funzionano indipendentemente dal tipo di lavorazione, materiale o macchina utensile<\/li>\r\n \t<li><strong>Personalizzazione<\/strong>, sviluppi ad-hoc possono essere implementati dai nostri esperti per assicurarti le performance pi\u00f9 adatte alle tue esigenze<\/li>\r\n \t<li><strong>Innovazione<\/strong>, i nostri prodotti sono in continuo aggiornamento per garantirti i risultati pi\u00f9 all\u2019avanguardia<\/li>\r\n<\/ul>\r\n[\/vc_column_text][\/vc_column_inner][vc_column_inner width=&#8221;1\/4&#8243; css=&#8221;.vc_custom_1632926940021{padding-left: 20px !important;}&#8221;][vc_single_image image=&#8221;5601&#8243; img_size=&#8221;medium&#8221; css_animation=&#8221;fadeInLeft&#8221;][\/vc_column_inner][\/vc_row_inner][\/vc_column][\/vc_row][vc_row][vc_column][vc_empty_space][\/vc_column][\/vc_row][vc_row][vc_column css=&#8221;.vc_custom_1708359790953{background-color: #f39200 !important;}&#8221;][vc_tta_pageable no_fill_content_area=&#8221;true&#8221; active_section=&#8221;1&#8243; pagination_style=&#8221;flat-rounded&#8221; pagination_color=&#8221;black&#8221;][vc_tta_section title=&#8221;Section 1&#8243; tab_id=&#8221;1691268185879-a0bf36f4-6008&#8243;][vc_single_image image=&#8221;3869&#8243; alignment=&#8221;center&#8221; style=&#8221;vc_box_border_circle_2&#8243; border_color=&#8221;white&#8221;][vc_column_text el_class=&#8221;fs1rem&#8221;]\r\n<p style=\"text-align: center;\">\u201c<i><strong>Sum3D<\/strong>\u00a0\u00e8 sempre rimasto nel cuore. Ho cominciato a utilizzarlo perch\u00e9 \u00e8 stato uno dei primi software a integrarsi all\u2019interno di uno dei primi processori. Riuscivo tramite dei profili creati con un altro CAM, a realizzare delle superfici 3D sopra questi, ottenendo cos\u00ec delle protesi customizzate. Grazie alla lunga e proficua collaborazione con Stefano e grazie a Sum3D, abbiamo creato delle protesi molte pi\u00f9 precise e molto pi\u00f9 reali per i pazienti.<\/i>\u201d.<\/p>\r\n<p style=\"text-align: center;\">Renzo Perini \u2013 Chief Operating Officer\r\n<strong>Adler Ortho S.p.A. \u2013 Cormano (MI)<\/strong><\/p>\r\n[\/vc_column_text][\/vc_tta_section][vc_tta_section title=&#8221;Section 2&#8243; tab_id=&#8221;1691268185885-f8f6a19a-9e7e&#8221;][vc_single_image image=&#8221;3867&#8243; alignment=&#8221;center&#8221; style=&#8221;vc_box_border_circle_2&#8243; border_color=&#8221;white&#8221;][vc_column_text el_class=&#8221;fs1rem&#8221;]\r\n<p style=\"text-align: center;\">\u201c<i>Abbiamo scelto\u00a0<strong>Sum3D<\/strong>\u00a0e\u00a0<strong>CIMsystem<\/strong>\u00a0per l\u2019adattabilit\u00e0 del sistema, l\u2019elevata possibilit\u00e0 di customizzazione in base a specifiche esigenze, la disponibilit\u00e0 e la professionalit\u00e0 del supporto tecnico dimostrate sia in fase di formazione del personale sia in caso di assistenza.<\/i>\u201d<\/p>\r\n<p style=\"text-align: center;\">Luca Gatti &#8211; Responsabile del laboratorio testing e sperimentazione\r\n<strong>Gruppo Cimbali S.p.A. \u2013 Binasco (MI)<\/strong><\/p>\r\n[\/vc_column_text][\/vc_tta_section][vc_tta_section title=&#8221;Section&#8221; tab_id=&#8221;1691268263070-dd0bbae4-fd20&#8243;][vc_single_image image=&#8221;3865&#8243; alignment=&#8221;center&#8221; style=&#8221;vc_box_border_circle_2&#8243; border_color=&#8221;white&#8221;][vc_column_text el_class=&#8221;fs1rem&#8221;]\r\n<p style=\"text-align: center;\">\u201c<i>Avevamo bisogno di una soluzione con un ottimo rapporto qualit\u00e0-prezzo e grazie a\u00a0<strong>Sum3D<\/strong>,\u00a0<strong>CIMsystem<\/strong>\u00a0ha soddisfatto con efficienza e semplicit\u00e0 la nostra esigenza.<\/i>\u201d<\/p>\r\n<p style=\"text-align: center;\">Alberto Berva &#8211; CEO\r\n<strong>Artigiana Stampi Srl &#8211; Canonica d&#8217;Adda (BG)<\/strong><\/p>\r\n[\/vc_column_text][\/vc_tta_section][\/vc_tta_pageable][\/vc_column][\/vc_row][vc_row][vc_column][vc_empty_space height=&#8221;100px&#8221;][\/vc_column][\/vc_row]<\/section>","protected":false},"excerpt":{"rendered":"[vc_row full_width=&#8221;stretch_row_content&#8221; equal_height=&#8221;yes&#8221; css=&#8221;.vc_custom_1690470444965{padding-top: 0px !important;padding-right: 0px !important;padding-bottom: 0px !important;padding-left: 0px !important;background-position: center !important;background-repeat: no-repeat !important;background-size: cover !important;}&#8221;][vc_column css=&#8221;.vc_custom_1693998489687{margin-top: 0px !important;margin-right: 0px !important;margin-bottom: 0px !important;margin-left: 0px<span class=\"excerpt-hellip\"> [\u2026]<\/span>","protected":false},"author":1,"featured_media":0,"parent":0,"menu_order":0,"comment_status":"closed","ping_status":"closed","template":"","meta":[],"acf":[],"yoast_head":"<!-- This site is optimized with the Yoast SEO plugin v21.1 - https:\/\/yoast.com\/wordpress\/plugins\/seo\/ -->\n<title>I nostri clienti - CIMsystem Industrial<\/title>\n<meta name=\"description\" content=\"I nostri clienti sono operatori di settore, costruttori o rivenditori di macchine utensili, aziende di manifattura o stampi.\" \/>\n<meta name=\"robots\" content=\"index, follow, max-snippet:-1, max-image-preview:large, max-video-preview:-1\" \/>\n<link rel=\"canonical\" href=\"https:\/\/neten3.cimsystem.it\/industrial\/it\/i-nostri-clienti\/\" \/>\n<meta property=\"og:locale\" content=\"it_IT\" \/>\n<meta property=\"og:type\" content=\"article\" \/>\n<meta property=\"og:title\" content=\"I nostri clienti - CIMsystem Industrial\" \/>\n<meta property=\"og:description\" content=\"I nostri clienti sono operatori di settore, costruttori o rivenditori di macchine utensili, aziende di manifattura o stampi.\" \/>\n<meta property=\"og:url\" content=\"https:\/\/neten3.cimsystem.it\/industrial\/it\/i-nostri-clienti\/\" \/>\n<meta property=\"og:site_name\" content=\"CIMsystem Industrial\" \/>\n<meta property=\"article:modified_time\" content=\"2024-05-03T07:31:26+00:00\" \/>\n<meta name=\"twitter:card\" content=\"summary_large_image\" \/>\n<meta name=\"twitter:label1\" content=\"Tempo di lettura stimato\" \/>\n\t<meta name=\"twitter:data1\" content=\"3 minuti\" \/>\n<script type=\"application\/ld+json\" class=\"yoast-schema-graph\">{\"@context\":\"https:\/\/schema.org\",\"@graph\":[{\"@type\":\"WebPage\",\"@id\":\"https:\/\/neten3.cimsystem.it\/industrial\/it\/i-nostri-clienti\/\",\"url\":\"https:\/\/neten3.cimsystem.it\/industrial\/it\/i-nostri-clienti\/\",\"name\":\"I nostri clienti - CIMsystem Industrial\",\"isPartOf\":{\"@id\":\"https:\/\/neten3.cimsystem.it\/industrial\/#website\"},\"datePublished\":\"2021-10-06T14:27:26+00:00\",\"dateModified\":\"2024-05-03T07:31:26+00:00\",\"description\":\"I nostri clienti sono operatori di settore, costruttori o rivenditori di macchine utensili, aziende di manifattura o stampi.\",\"breadcrumb\":{\"@id\":\"https:\/\/neten3.cimsystem.it\/industrial\/it\/i-nostri-clienti\/#breadcrumb\"},\"inLanguage\":\"it-IT\",\"potentialAction\":[{\"@type\":\"ReadAction\",\"target\":[\"https:\/\/neten3.cimsystem.it\/industrial\/it\/i-nostri-clienti\/\"]}]},{\"@type\":\"BreadcrumbList\",\"@id\":\"https:\/\/neten3.cimsystem.it\/industrial\/it\/i-nostri-clienti\/#breadcrumb\",\"itemListElement\":[{\"@type\":\"ListItem\",\"position\":1,\"name\":\"Home\",\"item\":\"https:\/\/neten3.cimsystem.it\/industrial\/it\/\"},{\"@type\":\"ListItem\",\"position\":2,\"name\":\"I nostri clienti\"}]},{\"@type\":\"WebSite\",\"@id\":\"https:\/\/neten3.cimsystem.it\/industrial\/#website\",\"url\":\"https:\/\/neten3.cimsystem.it\/industrial\/\",\"name\":\"CIMsystem Industrial\",\"description\":\"\",\"publisher\":{\"@id\":\"https:\/\/neten3.cimsystem.it\/industrial\/#organization\"},\"potentialAction\":[{\"@type\":\"SearchAction\",\"target\":{\"@type\":\"EntryPoint\",\"urlTemplate\":\"https:\/\/neten3.cimsystem.it\/industrial\/?s={search_term_string}\"},\"query-input\":\"required name=search_term_string\"}],\"inLanguage\":\"it-IT\"},{\"@type\":\"Organization\",\"@id\":\"https:\/\/neten3.cimsystem.it\/industrial\/#organization\",\"name\":\"CIMsystem Industrial\",\"url\":\"https:\/\/neten3.cimsystem.it\/industrial\/\",\"logo\":{\"@type\":\"ImageObject\",\"inLanguage\":\"it-IT\",\"@id\":\"https:\/\/neten3.cimsystem.it\/industrial\/#\/schema\/logo\/image\/\",\"url\":\"https:\/\/neten3.cimsystem.it\/industrial\/wp-content\/uploads\/sites\/3\/2023\/07\/cropped-cim-system-logo.png\",\"contentUrl\":\"https:\/\/neten3.cimsystem.it\/industrial\/wp-content\/uploads\/sites\/3\/2023\/07\/cropped-cim-system-logo.png\",\"width\":192,\"height\":127,\"caption\":\"CIMsystem Industrial\"},\"image\":{\"@id\":\"https:\/\/neten3.cimsystem.it\/industrial\/#\/schema\/logo\/image\/\"}}]}<\/script>\n<!-- \/ Yoast SEO plugin. -->","yoast_head_json":{"title":"I nostri clienti - CIMsystem Industrial","description":"I nostri clienti sono operatori di settore, costruttori o rivenditori di macchine utensili, aziende di manifattura o stampi.","robots":{"index":"index","follow":"follow","max-snippet":"max-snippet:-1","max-image-preview":"max-image-preview:large","max-video-preview":"max-video-preview:-1"},"canonical":"https:\/\/neten3.cimsystem.it\/industrial\/it\/i-nostri-clienti\/","og_locale":"it_IT","og_type":"article","og_title":"I nostri clienti - CIMsystem Industrial","og_description":"I nostri clienti sono operatori di settore, costruttori o rivenditori di macchine utensili, aziende di manifattura o stampi.","og_url":"https:\/\/neten3.cimsystem.it\/industrial\/it\/i-nostri-clienti\/","og_site_name":"CIMsystem Industrial","article_modified_time":"2024-05-03T07:31:26+00:00","twitter_card":"summary_large_image","twitter_misc":{"Tempo di lettura stimato":"3 minuti"},"schema":{"@context":"https:\/\/schema.org","@graph":[{"@type":"WebPage","@id":"https:\/\/neten3.cimsystem.it\/industrial\/it\/i-nostri-clienti\/","url":"https:\/\/neten3.cimsystem.it\/industrial\/it\/i-nostri-clienti\/","name":"I nostri clienti - CIMsystem Industrial","isPartOf":{"@id":"https:\/\/neten3.cimsystem.it\/industrial\/#website"},"datePublished":"2021-10-06T14:27:26+00:00","dateModified":"2024-05-03T07:31:26+00:00","description":"I nostri clienti sono operatori di settore, costruttori o rivenditori di macchine utensili, aziende di manifattura o stampi.","breadcrumb":{"@id":"https:\/\/neten3.cimsystem.it\/industrial\/it\/i-nostri-clienti\/#breadcrumb"},"inLanguage":"it-IT","potentialAction":[{"@type":"ReadAction","target":["https:\/\/neten3.cimsystem.it\/industrial\/it\/i-nostri-clienti\/"]}]},{"@type":"BreadcrumbList","@id":"https:\/\/neten3.cimsystem.it\/industrial\/it\/i-nostri-clienti\/#breadcrumb","itemListElement":[{"@type":"ListItem","position":1,"name":"Home","item":"https:\/\/neten3.cimsystem.it\/industrial\/it\/"},{"@type":"ListItem","position":2,"name":"I nostri clienti"}]},{"@type":"WebSite","@id":"https:\/\/neten3.cimsystem.it\/industrial\/#website","url":"https:\/\/neten3.cimsystem.it\/industrial\/","name":"CIMsystem Industrial","description":"","publisher":{"@id":"https:\/\/neten3.cimsystem.it\/industrial\/#organization"},"potentialAction":[{"@type":"SearchAction","target":{"@type":"EntryPoint","urlTemplate":"https:\/\/neten3.cimsystem.it\/industrial\/?s={search_term_string}"},"query-input":"required name=search_term_string"}],"inLanguage":"it-IT"},{"@type":"Organization","@id":"https:\/\/neten3.cimsystem.it\/industrial\/#organization","name":"CIMsystem Industrial","url":"https:\/\/neten3.cimsystem.it\/industrial\/","logo":{"@type":"ImageObject","inLanguage":"it-IT","@id":"https:\/\/neten3.cimsystem.it\/industrial\/#\/schema\/logo\/image\/","url":"https:\/\/neten3.cimsystem.it\/industrial\/wp-content\/uploads\/sites\/3\/2023\/07\/cropped-cim-system-logo.png","contentUrl":"https:\/\/neten3.cimsystem.it\/industrial\/wp-content\/uploads\/sites\/3\/2023\/07\/cropped-cim-system-logo.png","width":192,"height":127,"caption":"CIMsystem Industrial"},"image":{"@id":"https:\/\/neten3.cimsystem.it\/industrial\/#\/schema\/logo\/image\/"}}]}},"_links":{"self":[{"href":"https:\/\/neten3.cimsystem.it\/industrial\/it\/wp-json\/wp\/v2\/pages\/4183"}],"collection":[{"href":"https:\/\/neten3.cimsystem.it\/industrial\/it\/wp-json\/wp\/v2\/pages"}],"about":[{"href":"https:\/\/neten3.cimsystem.it\/industrial\/it\/wp-json\/wp\/v2\/types\/page"}],"author":[{"embeddable":true,"href":"https:\/\/neten3.cimsystem.it\/industrial\/it\/wp-json\/wp\/v2\/users\/1"}],"replies":[{"embeddable":true,"href":"https:\/\/neten3.cimsystem.it\/industrial\/it\/wp-json\/wp\/v2\/comments?post=4183"}],"version-history":[{"count":22,"href":"https:\/\/neten3.cimsystem.it\/industrial\/it\/wp-json\/wp\/v2\/pages\/4183\/revisions"}],"predecessor-version":[{"id":4185,"href":"https:\/\/neten3.cimsystem.it\/industrial\/it\/wp-json\/wp\/v2\/pages\/4183\/revisions\/4185"}],"wp:attachment":[{"href":"https:\/\/neten3.cimsystem.it\/industrial\/it\/wp-json\/wp\/v2\/media?parent=4183"}],"curies":[{"name":"wp","href":"https:\/\/api.w.org\/{rel}","templated":true}]}}